{"id":10978,"date":"2017-04-18T12:10:43","date_gmt":"2017-04-18T10:10:43","guid":{"rendered":"https:\/\/www.liegeairport.com\/passenger\/?page_id=10978"},"modified":"2017-04-24T14:21:09","modified_gmt":"2017-04-24T12:21:09","slug":"bereid-je-reis-voor","status":"publish","type":"page","link":"https:\/\/www.liegeairport.com\/passenger\/nl\/bereid-je-reis-voor\/","title":{"rendered":"Bereid je reis voor !"},"content":{"rendered":"","protected":false},"excerpt":{"rendered":"","protected":false},"author":4,"featured_media":0,"parent":0,"menu_order":0,"comment_status":"closed","ping_status":"closed","template":"travel-guide.php","meta":[],"acf":[],"yoast_head":"<!-- This site is optimized with the Yoast SEO plugin v17.8 - https:\/\/yoast.com\/wordpress\/plugins\/seo\/ -->\n<title>Bereid je reis voor ! | Liege Airport<\/title>\n<meta name=\"description\" content=\"Etape par \u00e9tape, Liege Airport a pr\u00e9par\u00e9 pour vous un Guide du Voyageur, pour rendre votre exp\u00e9rience encore plus inoubliable. Suivez le guide !\" \/>\n<meta name=\"robots\" content=\"index, follow, max-snippet:-1, max-image-preview:large, max-video-preview:-1\" \/>\n<link rel=\"canonical\" href=\"https:\/\/www.liegeairport.com\/passenger\/nl\/bereid-je-reis-voor\/\" \/>\n<meta property=\"og:locale\" content=\"en_US\" \/>\n<meta property=\"og:type\" content=\"article\" \/>\n<meta property=\"og:title\" content=\"Bereid je reis voor ! | Liege Airport\" \/>\n<meta property=\"og:description\" content=\"Etape par \u00e9tape, Liege Airport a pr\u00e9par\u00e9 pour vous un Guide du Voyageur, pour rendre votre exp\u00e9rience encore plus inoubliable. Suivez le guide !\" \/>\n<meta property=\"og:url\" content=\"https:\/\/www.liegeairport.com\/passenger\/nl\/bereid-je-reis-voor\/\" \/>\n<meta property=\"og:site_name\" content=\"Passagers\" \/>\n<meta property=\"article:publisher\" content=\"https:\/\/www.facebook.com\/liegeairport\" \/>\n<meta property=\"article:modified_time\" content=\"2017-04-24T12:21:09+00:00\" \/>\n<meta name=\"twitter:card\" content=\"summary_large_image\" \/>\n<meta name=\"twitter:site\" content=\"@LGGLiegeAirport\" \/>\n<script type=\"application\/ld+json\" class=\"yoast-schema-graph\">{\"@context\":\"https:\/\/schema.org\",\"@graph\":[{\"@type\":\"Organization\",\"@id\":\"https:\/\/www.liegeairport.com\/passenger\/#organization\",\"name\":\"Liege Airport\",\"url\":\"https:\/\/www.liegeairport.com\/passenger\/\",\"sameAs\":[\"https:\/\/www.facebook.com\/liegeairport\",\"https:\/\/www.linkedin.com\/company-beta\/1630327\/\",\"https:\/\/twitter.com\/LGGLiegeAirport\"],\"logo\":{\"@type\":\"ImageObject\",\"@id\":\"https:\/\/www.liegeairport.com\/passenger\/#logo\",\"inLanguage\":\"en-US\",\"url\":\"https:\/\/www.liegeairport.com\/passenger\/wp\/wp-content\/uploads\/sites\/2\/2017\/03\/logo_lgg_800x800.png\",\"contentUrl\":\"https:\/\/www.liegeairport.com\/passenger\/wp\/wp-content\/uploads\/sites\/2\/2017\/03\/logo_lgg_800x800.png\",\"width\":800,\"height\":800,\"caption\":\"Liege Airport\"},\"image\":{\"@id\":\"https:\/\/www.liegeairport.com\/passenger\/#logo\"}},{\"@type\":\"WebSite\",\"@id\":\"https:\/\/www.liegeairport.com\/passenger\/#website\",\"url\":\"https:\/\/www.liegeairport.com\/passenger\/\",\"name\":\"Passagers\",\"description\":\"Passagers\",\"publisher\":{\"@id\":\"https:\/\/www.liegeairport.com\/passenger\/#organization\"},\"potentialAction\":[{\"@type\":\"SearchAction\",\"target\":{\"@type\":\"EntryPoint\",\"urlTemplate\":\"https:\/\/www.liegeairport.com\/passenger\/?s={search_term_string}\"},\"query-input\":\"required name=search_term_string\"}],\"inLanguage\":\"en-US\"},{\"@type\":\"WebPage\",\"@id\":\"https:\/\/www.liegeairport.com\/passenger\/nl\/bereid-je-reis-voor\/#webpage\",\"url\":\"https:\/\/www.liegeairport.com\/passenger\/nl\/bereid-je-reis-voor\/\",\"name\":\"Bereid je reis voor ! | Liege Airport\",\"isPartOf\":{\"@id\":\"https:\/\/www.liegeairport.com\/passenger\/#website\"},\"datePublished\":\"2017-04-18T10:10:43+00:00\",\"dateModified\":\"2017-04-24T12:21:09+00:00\",\"description\":\"Etape par \\u00e9tape, Liege Airport a pr\\u00e9par\\u00e9 pour vous un Guide du Voyageur, pour rendre votre exp\\u00e9rience encore plus inoubliable. Suivez le guide !\",\"breadcrumb\":{\"@id\":\"https:\/\/www.liegeairport.com\/passenger\/nl\/bereid-je-reis-voor\/#breadcrumb\"},\"inLanguage\":\"en-US\",\"potentialAction\":[{\"@type\":\"ReadAction\",\"target\":[\"https:\/\/www.liegeairport.com\/passenger\/nl\/bereid-je-reis-voor\/\"]}]},{\"@type\":\"BreadcrumbList\",\"@id\":\"https:\/\/www.liegeairport.com\/passenger\/nl\/bereid-je-reis-voor\/#breadcrumb\",\"itemListElement\":[{\"@type\":\"ListItem\",\"position\":1,\"name\":\"Ontvangst\",\"item\":\"https:\/\/www.liegeairport.com\/passenger\/fr\/\"},{\"@type\":\"ListItem\",\"position\":2,\"name\":\"Bereid je reis voor !\"}]}]}<\/script>\n<!-- \/ Yoast SEO plugin. -->","yoast_head_json":{"title":"Bereid je reis voor ! | Liege Airport","description":"Etape par \u00e9tape, Liege Airport a pr\u00e9par\u00e9 pour vous un Guide du Voyageur, pour rendre votre exp\u00e9rience encore plus inoubliable. Suivez le guide !","robots":{"index":"index","follow":"follow","max-snippet":"max-snippet:-1","max-image-preview":"max-image-preview:large","max-video-preview":"max-video-preview:-1"},"canonical":"https:\/\/www.liegeairport.com\/passenger\/nl\/bereid-je-reis-voor\/","og_locale":"en_US","og_type":"article","og_title":"Bereid je reis voor ! | Liege Airport","og_description":"Etape par \u00e9tape, Liege Airport a pr\u00e9par\u00e9 pour vous un Guide du Voyageur, pour rendre votre exp\u00e9rience encore plus inoubliable. Suivez le guide !","og_url":"https:\/\/www.liegeairport.com\/passenger\/nl\/bereid-je-reis-voor\/","og_site_name":"Passagers","article_publisher":"https:\/\/www.facebook.com\/liegeairport","article_modified_time":"2017-04-24T12:21:09+00:00","twitter_card":"summary_large_image","twitter_site":"@LGGLiegeAirport","schema":{"@context":"https:\/\/schema.org","@graph":[{"@type":"Organization","@id":"https:\/\/www.liegeairport.com\/passenger\/#organization","name":"Liege Airport","url":"https:\/\/www.liegeairport.com\/passenger\/","sameAs":["https:\/\/www.facebook.com\/liegeairport","https:\/\/www.linkedin.com\/company-beta\/1630327\/","https:\/\/twitter.com\/LGGLiegeAirport"],"logo":{"@type":"ImageObject","@id":"https:\/\/www.liegeairport.com\/passenger\/#logo","inLanguage":"en-US","url":"https:\/\/www.liegeairport.com\/passenger\/wp\/wp-content\/uploads\/sites\/2\/2017\/03\/logo_lgg_800x800.png","contentUrl":"https:\/\/www.liegeairport.com\/passenger\/wp\/wp-content\/uploads\/sites\/2\/2017\/03\/logo_lgg_800x800.png","width":800,"height":800,"caption":"Liege Airport"},"image":{"@id":"https:\/\/www.liegeairport.com\/passenger\/#logo"}},{"@type":"WebSite","@id":"https:\/\/www.liegeairport.com\/passenger\/#website","url":"https:\/\/www.liegeairport.com\/passenger\/","name":"Passagers","description":"Passagers","publisher":{"@id":"https:\/\/www.liegeairport.com\/passenger\/#organization"},"potentialAction":[{"@type":"SearchAction","target":{"@type":"EntryPoint","urlTemplate":"https:\/\/www.liegeairport.com\/passenger\/?s={search_term_string}"},"query-input":"required name=search_term_string"}],"inLanguage":"en-US"},{"@type":"WebPage","@id":"https:\/\/www.liegeairport.com\/passenger\/nl\/bereid-je-reis-voor\/#webpage","url":"https:\/\/www.liegeairport.com\/passenger\/nl\/bereid-je-reis-voor\/","name":"Bereid je reis voor ! | Liege Airport","isPartOf":{"@id":"https:\/\/www.liegeairport.com\/passenger\/#website"},"datePublished":"2017-04-18T10:10:43+00:00","dateModified":"2017-04-24T12:21:09+00:00","description":"Etape par \u00e9tape, Liege Airport a pr\u00e9par\u00e9 pour vous un Guide du Voyageur, pour rendre votre exp\u00e9rience encore plus inoubliable. Suivez le guide !","breadcrumb":{"@id":"https:\/\/www.liegeairport.com\/passenger\/nl\/bereid-je-reis-voor\/#breadcrumb"},"inLanguage":"en-US","potentialAction":[{"@type":"ReadAction","target":["https:\/\/www.liegeairport.com\/passenger\/nl\/bereid-je-reis-voor\/"]}]},{"@type":"BreadcrumbList","@id":"https:\/\/www.liegeairport.com\/passenger\/nl\/bereid-je-reis-voor\/#breadcrumb","itemListElement":[{"@type":"ListItem","position":1,"name":"Ontvangst","item":"https:\/\/www.liegeairport.com\/passenger\/fr\/"},{"@type":"ListItem","position":2,"name":"Bereid je reis voor !"}]}]}},"lang":"nl","translations":{"nl":10978,"fr":3657},"pll_sync_post":[],"_links":{"self":[{"href":"https:\/\/www.liegeairport.com\/passenger\/wp-json\/wp\/v2\/pages\/10978"}],"collection":[{"href":"https:\/\/www.liegeairport.com\/passenger\/wp-json\/wp\/v2\/pages"}],"about":[{"href":"https:\/\/www.liegeairport.com\/passenger\/wp-json\/wp\/v2\/types\/page"}],"author":[{"embeddable":true,"href":"https:\/\/www.liegeairport.com\/passenger\/wp-json\/wp\/v2\/users\/4"}],"replies":[{"embeddable":true,"href":"https:\/\/www.liegeairport.com\/passenger\/wp-json\/wp\/v2\/comments?post=10978"}],"version-history":[{"count":4,"href":"https:\/\/www.liegeairport.com\/passenger\/wp-json\/wp\/v2\/pages\/10978\/revisions"}],"predecessor-version":[{"id":16081,"href":"https:\/\/www.liegeairport.com\/passenger\/wp-json\/wp\/v2\/pages\/10978\/revisions\/16081"}],"wp:attachment":[{"href":"https:\/\/www.liegeairport.com\/passenger\/wp-json\/wp\/v2\/media?parent=10978"}],"curies":[{"name":"wp","href":"https:\/\/api.w.org\/{rel}","templated":true}]}}