{"id":17153,"date":"2017-05-02T16:27:11","date_gmt":"2017-05-02T14:27:11","guid":{"rendered":"https:\/\/www.liegeairport.com\/passenger\/?page_id=17153"},"modified":"2021-01-27T15:44:44","modified_gmt":"2021-01-27T14:44:44","slug":"homepage-nl","status":"publish","type":"page","link":"https:\/\/www.liegeairport.com\/passenger\/nl\/","title":{"rendered":"Homepage &#8211; NL"},"content":{"rendered":"","protected":false},"excerpt":{"rendered":"","protected":false},"author":2,"featured_media":6297,"parent":0,"menu_order":0,"comment_status":"closed","ping_status":"closed","template":"front-page.php","meta":[],"acf":[],"yoast_head":"<!-- This site is optimized with the Yoast SEO plugin v17.8 - https:\/\/yoast.com\/wordpress\/plugins\/seo\/ -->\n<title>Liege Airport - Accueil - Passager<\/title>\n<meta name=\"description\" content=\"Le site officiel de Liege Airport. Informations des destinations, horaires de vol, horaires d\u00e9parts et arriv\u00e9es, acc\u00e8s et parking, boutiques duty free.\" \/>\n<meta name=\"robots\" content=\"index, follow, max-snippet:-1, max-image-preview:large, max-video-preview:-1\" \/>\n<link rel=\"canonical\" href=\"https:\/\/www.liegeairport.com\/passenger\/nl\/\" \/>\n<meta property=\"og:locale\" content=\"en_US\" \/>\n<meta property=\"og:type\" content=\"article\" \/>\n<meta property=\"og:title\" content=\"Liege Airport - Accueil - Passager\" \/>\n<meta property=\"og:description\" content=\"Le site officiel de Liege Airport. Informations des destinations, horaires de vol, horaires d\u00e9parts et arriv\u00e9es, acc\u00e8s et parking, boutiques duty free.\" \/>\n<meta property=\"og:url\" content=\"https:\/\/www.liegeairport.com\/passenger\/nl\/\" \/>\n<meta property=\"og:site_name\" content=\"Passagers\" \/>\n<meta property=\"article:publisher\" content=\"https:\/\/www.facebook.com\/liegeairport\" \/>\n<meta property=\"article:modified_time\" content=\"2021-01-27T14:44:44+00:00\" \/>\n<meta property=\"og:image\" content=\"https:\/\/www.liegeairport.com\/passenger\/wp\/wp-content\/uploads\/sites\/2\/2017\/02\/Terminal.jpg\" \/>\n\t<meta property=\"og:image:width\" content=\"2048\" \/>\n\t<meta property=\"og:image:height\" content=\"1365\" \/>\n<meta name=\"twitter:card\" content=\"summary_large_image\" \/>\n<meta name=\"twitter:site\" content=\"@LGGLiegeAirport\" \/>\n<script type=\"application\/ld+json\" class=\"yoast-schema-graph\">{\"@context\":\"https:\/\/schema.org\",\"@graph\":[{\"@type\":\"Organization\",\"@id\":\"https:\/\/www.liegeairport.com\/passenger\/#organization\",\"name\":\"Liege Airport\",\"url\":\"https:\/\/www.liegeairport.com\/passenger\/\",\"sameAs\":[\"https:\/\/www.facebook.com\/liegeairport\",\"https:\/\/www.linkedin.com\/company-beta\/1630327\/\",\"https:\/\/twitter.com\/LGGLiegeAirport\"],\"logo\":{\"@type\":\"ImageObject\",\"@id\":\"https:\/\/www.liegeairport.com\/passenger\/#logo\",\"inLanguage\":\"en-US\",\"url\":\"https:\/\/www.liegeairport.com\/passenger\/wp\/wp-content\/uploads\/sites\/2\/2017\/03\/logo_lgg_800x800.png\",\"contentUrl\":\"https:\/\/www.liegeairport.com\/passenger\/wp\/wp-content\/uploads\/sites\/2\/2017\/03\/logo_lgg_800x800.png\",\"width\":800,\"height\":800,\"caption\":\"Liege Airport\"},\"image\":{\"@id\":\"https:\/\/www.liegeairport.com\/passenger\/#logo\"}},{\"@type\":\"WebSite\",\"@id\":\"https:\/\/www.liegeairport.com\/passenger\/#website\",\"url\":\"https:\/\/www.liegeairport.com\/passenger\/\",\"name\":\"Passagers\",\"description\":\"Passagers\",\"publisher\":{\"@id\":\"https:\/\/www.liegeairport.com\/passenger\/#organization\"},\"potentialAction\":[{\"@type\":\"SearchAction\",\"target\":{\"@type\":\"EntryPoint\",\"urlTemplate\":\"https:\/\/www.liegeairport.com\/passenger\/?s={search_term_string}\"},\"query-input\":\"required name=search_term_string\"}],\"inLanguage\":\"en-US\"},{\"@type\":\"ImageObject\",\"@id\":\"https:\/\/www.liegeairport.com\/passenger\/nl\/#primaryimage\",\"inLanguage\":\"en-US\",\"url\":\"https:\/\/www.liegeairport.com\/passenger\/wp\/wp-content\/uploads\/sites\/2\/2017\/02\/Terminal.jpg\",\"contentUrl\":\"https:\/\/www.liegeairport.com\/passenger\/wp\/wp-content\/uploads\/sites\/2\/2017\/02\/Terminal.jpg\",\"width\":2048,\"height\":1365},{\"@type\":\"WebPage\",\"@id\":\"https:\/\/www.liegeairport.com\/passenger\/nl\/#webpage\",\"url\":\"https:\/\/www.liegeairport.com\/passenger\/nl\/\",\"name\":\"Liege Airport - Accueil - Passager\",\"isPartOf\":{\"@id\":\"https:\/\/www.liegeairport.com\/passenger\/#website\"},\"primaryImageOfPage\":{\"@id\":\"https:\/\/www.liegeairport.com\/passenger\/nl\/#primaryimage\"},\"datePublished\":\"2017-05-02T14:27:11+00:00\",\"dateModified\":\"2021-01-27T14:44:44+00:00\",\"description\":\"Le site officiel de Liege Airport. Informations des destinations, horaires de vol, horaires d\\u00e9parts et arriv\\u00e9es, acc\\u00e8s et parking, boutiques duty free.\",\"breadcrumb\":{\"@id\":\"https:\/\/www.liegeairport.com\/passenger\/nl\/#breadcrumb\"},\"inLanguage\":\"en-US\",\"potentialAction\":[{\"@type\":\"ReadAction\",\"target\":[\"https:\/\/www.liegeairport.com\/passenger\/nl\/\"]}]},{\"@type\":\"BreadcrumbList\",\"@id\":\"https:\/\/www.liegeairport.com\/passenger\/nl\/#breadcrumb\",\"itemListElement\":[{\"@type\":\"ListItem\",\"position\":1,\"name\":\"Ontvangst\",\"item\":\"https:\/\/www.liegeairport.com\/passenger\/fr\/\"},{\"@type\":\"ListItem\",\"position\":2,\"name\":\"Homepage &#8211; NL\"}]}]}<\/script>\n<!-- \/ Yoast SEO plugin. -->","yoast_head_json":{"title":"Liege Airport - Accueil - Passager","description":"Le site officiel de Liege Airport. Informations des destinations, horaires de vol, horaires d\u00e9parts et arriv\u00e9es, acc\u00e8s et parking, boutiques duty free.","robots":{"index":"index","follow":"follow","max-snippet":"max-snippet:-1","max-image-preview":"max-image-preview:large","max-video-preview":"max-video-preview:-1"},"canonical":"https:\/\/www.liegeairport.com\/passenger\/nl\/","og_locale":"en_US","og_type":"article","og_title":"Liege Airport - Accueil - Passager","og_description":"Le site officiel de Liege Airport. Informations des destinations, horaires de vol, horaires d\u00e9parts et arriv\u00e9es, acc\u00e8s et parking, boutiques duty free.","og_url":"https:\/\/www.liegeairport.com\/passenger\/nl\/","og_site_name":"Passagers","article_publisher":"https:\/\/www.facebook.com\/liegeairport","article_modified_time":"2021-01-27T14:44:44+00:00","og_image":[{"width":2048,"height":1365,"url":"https:\/\/www.liegeairport.com\/passenger\/wp\/wp-content\/uploads\/sites\/2\/2017\/02\/Terminal.jpg","type":"image\/jpeg"}],"twitter_card":"summary_large_image","twitter_site":"@LGGLiegeAirport","schema":{"@context":"https:\/\/schema.org","@graph":[{"@type":"Organization","@id":"https:\/\/www.liegeairport.com\/passenger\/#organization","name":"Liege Airport","url":"https:\/\/www.liegeairport.com\/passenger\/","sameAs":["https:\/\/www.facebook.com\/liegeairport","https:\/\/www.linkedin.com\/company-beta\/1630327\/","https:\/\/twitter.com\/LGGLiegeAirport"],"logo":{"@type":"ImageObject","@id":"https:\/\/www.liegeairport.com\/passenger\/#logo","inLanguage":"en-US","url":"https:\/\/www.liegeairport.com\/passenger\/wp\/wp-content\/uploads\/sites\/2\/2017\/03\/logo_lgg_800x800.png","contentUrl":"https:\/\/www.liegeairport.com\/passenger\/wp\/wp-content\/uploads\/sites\/2\/2017\/03\/logo_lgg_800x800.png","width":800,"height":800,"caption":"Liege Airport"},"image":{"@id":"https:\/\/www.liegeairport.com\/passenger\/#logo"}},{"@type":"WebSite","@id":"https:\/\/www.liegeairport.com\/passenger\/#website","url":"https:\/\/www.liegeairport.com\/passenger\/","name":"Passagers","description":"Passagers","publisher":{"@id":"https:\/\/www.liegeairport.com\/passenger\/#organization"},"potentialAction":[{"@type":"SearchAction","target":{"@type":"EntryPoint","urlTemplate":"https:\/\/www.liegeairport.com\/passenger\/?s={search_term_string}"},"query-input":"required name=search_term_string"}],"inLanguage":"en-US"},{"@type":"ImageObject","@id":"https:\/\/www.liegeairport.com\/passenger\/nl\/#primaryimage","inLanguage":"en-US","url":"https:\/\/www.liegeairport.com\/passenger\/wp\/wp-content\/uploads\/sites\/2\/2017\/02\/Terminal.jpg","contentUrl":"https:\/\/www.liegeairport.com\/passenger\/wp\/wp-content\/uploads\/sites\/2\/2017\/02\/Terminal.jpg","width":2048,"height":1365},{"@type":"WebPage","@id":"https:\/\/www.liegeairport.com\/passenger\/nl\/#webpage","url":"https:\/\/www.liegeairport.com\/passenger\/nl\/","name":"Liege Airport - Accueil - Passager","isPartOf":{"@id":"https:\/\/www.liegeairport.com\/passenger\/#website"},"primaryImageOfPage":{"@id":"https:\/\/www.liegeairport.com\/passenger\/nl\/#primaryimage"},"datePublished":"2017-05-02T14:27:11+00:00","dateModified":"2021-01-27T14:44:44+00:00","description":"Le site officiel de Liege Airport. Informations des destinations, horaires de vol, horaires d\u00e9parts et arriv\u00e9es, acc\u00e8s et parking, boutiques duty free.","breadcrumb":{"@id":"https:\/\/www.liegeairport.com\/passenger\/nl\/#breadcrumb"},"inLanguage":"en-US","potentialAction":[{"@type":"ReadAction","target":["https:\/\/www.liegeairport.com\/passenger\/nl\/"]}]},{"@type":"BreadcrumbList","@id":"https:\/\/www.liegeairport.com\/passenger\/nl\/#breadcrumb","itemListElement":[{"@type":"ListItem","position":1,"name":"Ontvangst","item":"https:\/\/www.liegeairport.com\/passenger\/fr\/"},{"@type":"ListItem","position":2,"name":"Homepage &#8211; NL"}]}]}},"lang":"nl","translations":{"nl":17153,"fr":8},"pll_sync_post":[],"_links":{"self":[{"href":"https:\/\/www.liegeairport.com\/passenger\/wp-json\/wp\/v2\/pages\/17153"}],"collection":[{"href":"https:\/\/www.liegeairport.com\/passenger\/wp-json\/wp\/v2\/pages"}],"about":[{"href":"https:\/\/www.liegeairport.com\/passenger\/wp-json\/wp\/v2\/types\/page"}],"author":[{"embeddable":true,"href":"https:\/\/www.liegeairport.com\/passenger\/wp-json\/wp\/v2\/users\/2"}],"replies":[{"embeddable":true,"href":"https:\/\/www.liegeairport.com\/passenger\/wp-json\/wp\/v2\/comments?post=17153"}],"version-history":[{"count":36,"href":"https:\/\/www.liegeairport.com\/passenger\/wp-json\/wp\/v2\/pages\/17153\/revisions"}],"predecessor-version":[{"id":244367,"href":"https:\/\/www.liegeairport.com\/passenger\/wp-json\/wp\/v2\/pages\/17153\/revisions\/244367"}],"wp:featuredmedia":[{"embeddable":true,"href":"https:\/\/www.liegeairport.com\/passenger\/wp-json\/wp\/v2\/media\/6297"}],"wp:attachment":[{"href":"https:\/\/www.liegeairport.com\/passenger\/wp-json\/wp\/v2\/media?parent=17153"}],"curies":[{"name":"wp","href":"https:\/\/api.w.org\/{rel}","templated":true}]}}