{"id":2684,"date":"2016-11-25T11:01:27","date_gmt":"2016-11-25T10:01:27","guid":{"rendered":"https:\/\/www.liegeairport.com\/passenger\/?page_id=2684"},"modified":"2026-02-05T07:35:42","modified_gmt":"2026-02-05T06:35:42","slug":"departs-arrivees","status":"publish","type":"page","link":"https:\/\/www.liegeairport.com\/passenger\/fr\/departs-arrivees\/","title":{"rendered":"D\u00e9parts &#038; Arriv\u00e9es"},"content":{"rendered":"","protected":false},"excerpt":{"rendered":"","protected":false},"author":1,"featured_media":0,"parent":0,"menu_order":0,"comment_status":"closed","ping_status":"closed","template":"flights.php","meta":[],"acf":[],"yoast_head":"<!-- This site is optimized with the Yoast SEO plugin v17.8 - https:\/\/yoast.com\/wordpress\/plugins\/seo\/ -->\n<title>D\u00e9parts &amp; Arriv\u00e9es | Liege Airport<\/title>\n<meta name=\"description\" content=\"Toutes les informations des vols et horaires \u00e0 Liege Airport.\" \/>\n<meta name=\"robots\" content=\"index, follow, max-snippet:-1, max-image-preview:large, max-video-preview:-1\" \/>\n<link rel=\"canonical\" href=\"https:\/\/www.liegeairport.com\/passenger\/fr\/departs-arrivees\/\" \/>\n<meta property=\"og:locale\" content=\"en_US\" \/>\n<meta property=\"og:type\" content=\"article\" \/>\n<meta property=\"og:title\" content=\"D\u00e9parts &amp; Arriv\u00e9es | Liege Airport\" \/>\n<meta property=\"og:description\" content=\"Toutes les informations des vols et horaires \u00e0 Liege Airport.\" \/>\n<meta property=\"og:url\" content=\"https:\/\/www.liegeairport.com\/passenger\/fr\/departs-arrivees\/\" \/>\n<meta property=\"og:site_name\" content=\"Passagers\" \/>\n<meta property=\"article:publisher\" content=\"https:\/\/www.facebook.com\/liegeairport\" \/>\n<meta property=\"article:modified_time\" content=\"2026-02-05T06:35:42+00:00\" \/>\n<meta name=\"twitter:card\" content=\"summary_large_image\" \/>\n<meta name=\"twitter:site\" content=\"@LGGLiegeAirport\" \/>\n<script type=\"application\/ld+json\" class=\"yoast-schema-graph\">{\"@context\":\"https:\/\/schema.org\",\"@graph\":[{\"@type\":\"Organization\",\"@id\":\"https:\/\/www.liegeairport.com\/passenger\/#organization\",\"name\":\"Liege Airport\",\"url\":\"https:\/\/www.liegeairport.com\/passenger\/\",\"sameAs\":[\"https:\/\/www.facebook.com\/liegeairport\",\"https:\/\/www.linkedin.com\/company-beta\/1630327\/\",\"https:\/\/twitter.com\/LGGLiegeAirport\"],\"logo\":{\"@type\":\"ImageObject\",\"@id\":\"https:\/\/www.liegeairport.com\/passenger\/#logo\",\"inLanguage\":\"en-US\",\"url\":\"https:\/\/www.liegeairport.com\/passenger\/wp\/wp-content\/uploads\/sites\/2\/2017\/03\/logo_lgg_800x800.png\",\"contentUrl\":\"https:\/\/www.liegeairport.com\/passenger\/wp\/wp-content\/uploads\/sites\/2\/2017\/03\/logo_lgg_800x800.png\",\"width\":800,\"height\":800,\"caption\":\"Liege Airport\"},\"image\":{\"@id\":\"https:\/\/www.liegeairport.com\/passenger\/#logo\"}},{\"@type\":\"WebSite\",\"@id\":\"https:\/\/www.liegeairport.com\/passenger\/#website\",\"url\":\"https:\/\/www.liegeairport.com\/passenger\/\",\"name\":\"Passagers\",\"description\":\"Passagers\",\"publisher\":{\"@id\":\"https:\/\/www.liegeairport.com\/passenger\/#organization\"},\"potentialAction\":[{\"@type\":\"SearchAction\",\"target\":{\"@type\":\"EntryPoint\",\"urlTemplate\":\"https:\/\/www.liegeairport.com\/passenger\/?s={search_term_string}\"},\"query-input\":\"required name=search_term_string\"}],\"inLanguage\":\"en-US\"},{\"@type\":\"WebPage\",\"@id\":\"https:\/\/www.liegeairport.com\/passenger\/fr\/departs-arrivees\/#webpage\",\"url\":\"https:\/\/www.liegeairport.com\/passenger\/fr\/departs-arrivees\/\",\"name\":\"D\\u00e9parts & Arriv\\u00e9es | Liege Airport\",\"isPartOf\":{\"@id\":\"https:\/\/www.liegeairport.com\/passenger\/#website\"},\"datePublished\":\"2016-11-25T10:01:27+00:00\",\"dateModified\":\"2026-02-05T06:35:42+00:00\",\"description\":\"Toutes les informations des vols et horaires \\u00e0 Liege Airport.\",\"breadcrumb\":{\"@id\":\"https:\/\/www.liegeairport.com\/passenger\/fr\/departs-arrivees\/#breadcrumb\"},\"inLanguage\":\"en-US\",\"potentialAction\":[{\"@type\":\"ReadAction\",\"target\":[\"https:\/\/www.liegeairport.com\/passenger\/fr\/departs-arrivees\/\"]}]},{\"@type\":\"BreadcrumbList\",\"@id\":\"https:\/\/www.liegeairport.com\/passenger\/fr\/departs-arrivees\/#breadcrumb\",\"itemListElement\":[{\"@type\":\"ListItem\",\"position\":1,\"name\":\"Ontvangst\",\"item\":\"https:\/\/www.liegeairport.com\/passenger\/fr\/\"},{\"@type\":\"ListItem\",\"position\":2,\"name\":\"D\\u00e9parts &#038; Arriv\\u00e9es\"}]}]}<\/script>\n<!-- \/ Yoast SEO plugin. -->","yoast_head_json":{"title":"D\u00e9parts & Arriv\u00e9es | Liege Airport","description":"Toutes les informations des vols et horaires \u00e0 Liege Airport.","robots":{"index":"index","follow":"follow","max-snippet":"max-snippet:-1","max-image-preview":"max-image-preview:large","max-video-preview":"max-video-preview:-1"},"canonical":"https:\/\/www.liegeairport.com\/passenger\/fr\/departs-arrivees\/","og_locale":"en_US","og_type":"article","og_title":"D\u00e9parts & Arriv\u00e9es | Liege Airport","og_description":"Toutes les informations des vols et horaires \u00e0 Liege Airport.","og_url":"https:\/\/www.liegeairport.com\/passenger\/fr\/departs-arrivees\/","og_site_name":"Passagers","article_publisher":"https:\/\/www.facebook.com\/liegeairport","article_modified_time":"2026-02-05T06:35:42+00:00","twitter_card":"summary_large_image","twitter_site":"@LGGLiegeAirport","schema":{"@context":"https:\/\/schema.org","@graph":[{"@type":"Organization","@id":"https:\/\/www.liegeairport.com\/passenger\/#organization","name":"Liege Airport","url":"https:\/\/www.liegeairport.com\/passenger\/","sameAs":["https:\/\/www.facebook.com\/liegeairport","https:\/\/www.linkedin.com\/company-beta\/1630327\/","https:\/\/twitter.com\/LGGLiegeAirport"],"logo":{"@type":"ImageObject","@id":"https:\/\/www.liegeairport.com\/passenger\/#logo","inLanguage":"en-US","url":"https:\/\/www.liegeairport.com\/passenger\/wp\/wp-content\/uploads\/sites\/2\/2017\/03\/logo_lgg_800x800.png","contentUrl":"https:\/\/www.liegeairport.com\/passenger\/wp\/wp-content\/uploads\/sites\/2\/2017\/03\/logo_lgg_800x800.png","width":800,"height":800,"caption":"Liege Airport"},"image":{"@id":"https:\/\/www.liegeairport.com\/passenger\/#logo"}},{"@type":"WebSite","@id":"https:\/\/www.liegeairport.com\/passenger\/#website","url":"https:\/\/www.liegeairport.com\/passenger\/","name":"Passagers","description":"Passagers","publisher":{"@id":"https:\/\/www.liegeairport.com\/passenger\/#organization"},"potentialAction":[{"@type":"SearchAction","target":{"@type":"EntryPoint","urlTemplate":"https:\/\/www.liegeairport.com\/passenger\/?s={search_term_string}"},"query-input":"required name=search_term_string"}],"inLanguage":"en-US"},{"@type":"WebPage","@id":"https:\/\/www.liegeairport.com\/passenger\/fr\/departs-arrivees\/#webpage","url":"https:\/\/www.liegeairport.com\/passenger\/fr\/departs-arrivees\/","name":"D\u00e9parts & Arriv\u00e9es | Liege Airport","isPartOf":{"@id":"https:\/\/www.liegeairport.com\/passenger\/#website"},"datePublished":"2016-11-25T10:01:27+00:00","dateModified":"2026-02-05T06:35:42+00:00","description":"Toutes les informations des vols et horaires \u00e0 Liege Airport.","breadcrumb":{"@id":"https:\/\/www.liegeairport.com\/passenger\/fr\/departs-arrivees\/#breadcrumb"},"inLanguage":"en-US","potentialAction":[{"@type":"ReadAction","target":["https:\/\/www.liegeairport.com\/passenger\/fr\/departs-arrivees\/"]}]},{"@type":"BreadcrumbList","@id":"https:\/\/www.liegeairport.com\/passenger\/fr\/departs-arrivees\/#breadcrumb","itemListElement":[{"@type":"ListItem","position":1,"name":"Ontvangst","item":"https:\/\/www.liegeairport.com\/passenger\/fr\/"},{"@type":"ListItem","position":2,"name":"D\u00e9parts &#038; Arriv\u00e9es"}]}]}},"lang":"fr","translations":{"fr":2684,"nl":14254},"pll_sync_post":[],"_links":{"self":[{"href":"https:\/\/www.liegeairport.com\/passenger\/wp-json\/wp\/v2\/pages\/2684"}],"collection":[{"href":"https:\/\/www.liegeairport.com\/passenger\/wp-json\/wp\/v2\/pages"}],"about":[{"href":"https:\/\/www.liegeairport.com\/passenger\/wp-json\/wp\/v2\/types\/page"}],"author":[{"embeddable":true,"href":"https:\/\/www.liegeairport.com\/passenger\/wp-json\/wp\/v2\/users\/1"}],"replies":[{"embeddable":true,"href":"https:\/\/www.liegeairport.com\/passenger\/wp-json\/wp\/v2\/comments?post=2684"}],"version-history":[{"count":33,"href":"https:\/\/www.liegeairport.com\/passenger\/wp-json\/wp\/v2\/pages\/2684\/revisions"}],"predecessor-version":[{"id":259435,"href":"https:\/\/www.liegeairport.com\/passenger\/wp-json\/wp\/v2\/pages\/2684\/revisions\/259435"}],"wp:attachment":[{"href":"https:\/\/www.liegeairport.com\/passenger\/wp-json\/wp\/v2\/media?parent=2684"}],"curies":[{"name":"wp","href":"https:\/\/api.w.org\/{rel}","templated":true}]}}